{"id":6136,"date":"2025-10-28T14:46:12","date_gmt":"2025-10-28T19:46:12","guid":{"rendered":"https:\/\/chicagoimmigrationlawyers.net\/?page_id=6136"},"modified":"2025-10-28T14:46:12","modified_gmt":"2025-10-28T19:46:12","slug":"practice-areas","status":"publish","type":"page","link":"https:\/\/chicagoimmigrationlawyers.net\/es\/areas-de-practica\/","title":{"rendered":"Servicios y \u00e1reas de pr\u00e1ctica en derecho migratorio | Abogados de inmigraci\u00f3n en Chicago"},"content":{"rendered":"<div>\n<h1>Immigration Legal Services<\/h1>\n<div>\n<p class=\"lead\">If there is a way to win your case, be assured we will find it. Our experienced attorneys will prepare a strategy to give you the best chance to remain in the United States and to obtain legal status.<\/p>\n<\/div>\n<\/div>\n<p><p>\n        <a href=\"\/contact\/\">Schedule Consultation<\/a>\n    <\/p>\n<\/p>\n<ul>\n<li>\n<p>        <img decoding=\"async\" src=\"\/wp-content\/uploads\/2025\/11\/individual-getting-naturalized-at-ceremony-with-others.jpg\" alt=\"\"><\/p>\n<h3>Family-Based Immigration<\/h3>\n<div>\n<p><span>Our family-based immigration attorneys can help you with petitioning for your family members so they can immigrate as quickly as possible.<\/span><\/p>\n<\/div>\n<p><a href=\"\/practice-areas\/family-based-immigration-legal-services\/\">Learn more<\/a><\/p>\n<\/li>\n<li>\n<p>        <img decoding=\"async\" src=\"\/wp-content\/uploads\/2025\/11\/group-of-people-naturalized-at-ceremony.jpg\" alt=\"\"><\/p>\n<h3>Employment-Based Immigration<\/h3>\n<div>\n<p><span>Our firm provides over 40 years of experience in employment-based immigration.<\/span><\/p>\n<\/div>\n<p><a href=\"\/practice-areas\/employment-based-immigration-legal-services\/\">Learn more<\/a><\/p>\n<\/li>\n<li>\n<p>        <img decoding=\"async\" src=\"\/wp-content\/uploads\/2025\/11\/customs-and-border-protection-ice-legal-entry.jpg\" alt=\"Enter the United States Legally through Customs\"><\/p>\n<h3>Removal Defense<\/h3>\n<div>\n<p class=\"lead\">There are multiple reasons why a person may be facing removal or may be at risk for removal from the United States.<\/p>\n<p class=\"lead\">Deportation cases require urgent, knowledgeable action.<\/p>\n<\/div>\n<p><a href=\"\/practice-areas\/removal-defense-immigration-lawyers\/\">Learn more<\/a><\/p>\n<\/li>\n<li>\n<p>        <img decoding=\"async\" src=\"\/wp-content\/uploads\/2025\/11\/gavel-in-the-immigration-court-room-midwest.jpg\" alt=\"Courtroom Gavel in Midwest Immigration Chambers Room\"><\/p>\n<h3>Federal Litigation<\/h3>\n<div>\n<p><span>If federal court litigation is necessary, Chicago Immigration Advocates is prepared to fight for you.<\/span><\/p>\n<\/div>\n<p><a href=\"\/practice-areas\/federal-litigation-immigration-attorneys\/\">Learn more<\/a><\/p>\n<\/li>\n<\/ul>\n<p><p>\n        <a href=\"\/contact\/#consult\">Schedule Consultation<\/a>\n    <\/p>\n<\/p>\n<p><!--more--><br \/>\n<!-- {\"type\":\"layout\",\"children\":[{\"name\":\"Hero\",\"type\":\"section\",\"props\":{\"height\":\"section\",\"height_offset_top\":true,\"image\":\"wp-content\\\/uploads\\\/2025\\\/10\\\/Untitled-design-20-scaled.png\",\"image_position\":\"center-center\",\"image_size\":\"cover\",\"media_background\":\"hsla(128, 47%, 23%, 0.81)\",\"media_blend_mode\":\"multiply\",\"media_overlay\":\"rgba(31, 87, 38, 0.59)\",\"padding\":\"xlarge\",\"style\":\"default\",\"text_color\":\"light\",\"title_breakpoint\":\"xl\",\"title_position\":\"top-left\",\"title_rotation\":\"left\",\"vertical_align\":\"middle\",\"width\":\"default\"},\"children\":[{\"type\":\"row\",\"props\":{\"column_gap\":\"small\",\"layout\":\"1-2,1-2\",\"row_gap\":\"small\",\"width\":\"default\"},\"children\":[{\"type\":\"column\",\"props\":{\"image_position\":\"center-center\",\"position_sticky_breakpoint\":\"m\",\"width_medium\":\"1-2\"},\"children\":[{\"type\":\"panel\",\"props\":{\"content\":\"\n\n<p class=\\\"lead\\\">If there is a way to win your case, be assured we will find it. Our experienced attorneys will prepare a strategy to give you the best chance to remain in the United States and to obtain legal status.<\\\/p>\",\"content_column_breakpoint\":\"m\",\"content_es_mx\":\"\n\n<p>Si existe alguna manera de ganar su caso, tenga la seguridad de que la encontraremos. Nuestros abogados expertos elaborar\\u00e1n una estrategia para brindarle la mejor oportunidad de permanecer en los Estados Unidos y obtener la residencia legal.<\\\/p>\",\"icon_width\":80,\"image_align\":\"top\",\"image_grid_breakpoint\":\"m\",\"image_grid_width\":\"1-2\",\"image_svg_color\":\"emphasis\",\"link_style\":\"default\",\"link_text\":\"Read more\",\"margin\":\"medium\",\"maxwidth\":\"large\",\"meta_align\":\"below-title\",\"meta_element\":\"div\",\"meta_style\":\"text-meta\",\"title\":\"Immigration Legal Services\",\"title_align\":\"top\",\"title_element\":\"h1\",\"title_es_mx\":\"Servicios legales de inmigraci\\u00f3n\",\"title_grid_breakpoint\":\"m\",\"title_grid_width\":\"1-2\",\"title_hover_style\":\"reset\"}},{\"type\":\"button\",\"props\":{\"grid_column_gap\":\"small\",\"grid_row_gap\":\"small\",\"margin\":\"default\"},\"children\":[{\"type\":\"button_item\",\"props\":{\"button_style\":\"default\",\"content\":\"Schedule Consultation\",\"content_es_mx\":\"Programar consulta\",\"dialog_layout\":\"modal\",\"dialog_offcanvas_flip\":true,\"icon_align\":\"left\",\"link\":\"contact\\\/\",\"link_es_mx\":\"contact\\\/\"}}]}]},{\"type\":\"column\",\"props\":{\"image_position\":\"center-center\",\"position_sticky_breakpoint\":\"m\",\"width_medium\":\"1-2\"}}]}]},{\"name\":\"Projects\",\"type\":\"section\",\"props\":{\"animation\":\"slide-top-small\",\"animation_delay\":false,\"image_position\":\"center-center\",\"padding\":\"large\",\"style\":\"default\",\"title_breakpoint\":\"xl\",\"title_position\":\"top-left\",\"title_rotation\":\"left\",\"vertical_align\":\"\",\"width\":\"default\"},\"children\":[{\"type\":\"row\",\"children\":[{\"type\":\"column\",\"props\":{\"image_position\":\"center-center\",\"position_sticky_breakpoint\":\"m\"},\"children\":[{\"type\":\"grid\",\"props\":{\"content_column_breakpoint\":\"m\",\"filter_align\":\"left\",\"filter_all\":true,\"filter_grid_breakpoint\":\"m\",\"filter_grid_width\":\"auto\",\"filter_position\":\"top\",\"filter_style\":\"tab\",\"grid_default\":\"2\",\"grid_large\":\"4\",\"grid_medium\":\"2\",\"grid_xlarge\":\"4\",\"icon_width\":80,\"image_align\":\"top\",\"image_grid_breakpoint\":\"m\",\"image_grid_width\":\"1-2\",\"image_svg_color\":\"emphasis\",\"item_animation\":true,\"lightbox_bg_close\":true,\"link_style\":\"text\",\"link_text\":\"Read more\",\"margin\":\"default\",\"meta_align\":\"below-title\",\"meta_element\":\"div\",\"meta_style\":\"text-meta\",\"show_content\":true,\"show_hover_image\":true,\"show_hover_video\":true,\"show_image\":true,\"show_link\":true,\"show_meta\":true,\"show_title\":true,\"show_video\":true,\"title_align\":\"top\",\"title_element\":\"h3\",\"title_grid_breakpoint\":\"m\",\"title_grid_width\":\"1-2\",\"title_hover_style\":\"reset\"},\"children\":[{\"type\":\"grid_item\",\"props\":{\"content\":\"\n\n<p><span>Our family-based immigration attorneys can help you with petitioning for your family members so they can immigrate as quickly as possible.<\\\/span><\\\/p>\",\"content_es_mx\":\"\n\n<p>Nuestros abogados especializados en inmigraci\\u00f3n familiar pueden ayudarle con la solicitud para que sus familiares puedan inmigrar lo m\\u00e1s r\\u00e1pido posible.<\\\/p>\",\"image\":\"wp-content\\\/uploads\\\/2025\\\/11\\\/individual-getting-naturalized-at-ceremony-with-others.jpg\",\"link\":\"practice-areas\\\/family-based-immigration-legal-services\\\/\",\"link_text\":\"Learn more\",\"meta\":\"\",\"title\":\"Family-Based Immigration\",\"title_es_mx\":\"Inmigraci\\u00f3n basada en lazos familiares\"}},{\"type\":\"grid_item\",\"props\":{\"content\":\"\n\n<p><span>Our firm provides over 40 years of experience in employment-based immigration.<\\\/span><\\\/p>\",\"content_es_mx\":\"\n\n<p>Nuestra firma cuenta con m\\u00e1s de 40 a\\u00f1os de experiencia en inmigraci\\u00f3n laboral.<\\\/p>\",\"image\":\"wp-content\\\/uploads\\\/2025\\\/11\\\/group-of-people-naturalized-at-ceremony.jpg\",\"link\":\"practice-areas\\\/employment-based-immigration-legal-services\\\/\",\"link_text\":\"Learn more\",\"title\":\"Employment-Based Immigration\",\"title_es_mx\":\"Inmigraci\\u00f3n basada en el empleo\"}},{\"type\":\"grid_item\",\"props\":{\"content\":\"\n\n<p class=\\\"lead\\\">There are multiple reasons why a person may be facing removal or may be at risk for removal from the United States.<\\\/p>\\n\n\n<p class=\\\"lead\\\">Deportation cases require urgent, knowledgeable action.<\\\/p>\",\"content_es_mx\":\"\n\n<p>Existen m\\u00faltiples razones por las que una persona puede estar enfrentando la deportaci\\u00f3n o en riesgo de ser deportada de los Estados Unidos.<\\\/p>\\n\n\n<p>Los casos de deportaci\\u00f3n requieren una acci\\u00f3n urgente y experta.<\\\/p>\",\"image\":\"wp-content\\\/uploads\\\/2025\\\/11\\\/customs-and-border-protection-ice-legal-entry.jpg\",\"image_alt\":\"Enter the United States Legally through Customs\",\"link\":\"practice-areas\\\/removal-defense-immigration-lawyers\\\/\",\"link_text\":\"Learn more\",\"meta\":\"\",\"title\":\"Removal Defense\",\"title_es_mx\":\"Defensa contra la deportaci\\u00f3n\"}},{\"type\":\"grid_item\",\"props\":{\"content\":\"\n\n<p><span>If federal court litigation is necessary, Chicago Immigration Advocates is prepared to fight for you.<\\\/span><\\\/p>\",\"content_es_mx\":\"\n\n<p>Si es necesario un litigio en un tribunal federal, Chicago Immigration Advocates est\\u00e1 preparado para luchar por usted.<\\\/p>\",\"image\":\"wp-content\\\/uploads\\\/2025\\\/11\\\/gavel-in-the-immigration-court-room-midwest.jpg\",\"image_alt\":\"Courtroom Gavel in Midwest Immigration Chambers Room\",\"link\":\"practice-areas\\\/federal-litigation-immigration-attorneys\\\/\",\"link_text\":\"Learn more\",\"meta\":\"\",\"title\":\"Federal Litigation\",\"title_es_mx\":\"Litigios federales\"}}]}]}]}]},{\"type\":\"section\",\"props\":{\"image\":\"wp-content\\\/uploads\\\/2025\\\/09\\\/17-scaled.png\",\"image_position\":\"center-center\",\"media_background\":\"rgba(31, 87, 38, 0.9)\",\"media_overlay\":\"rgba(31, 87, 38, 0.87)\",\"style\":\"default\",\"title_breakpoint\":\"xl\",\"title_position\":\"top-left\",\"title_rotation\":\"left\",\"vertical_align\":\"middle\",\"width\":\"default\"},\"children\":[{\"type\":\"row\",\"children\":[{\"type\":\"column\",\"props\":{\"image_position\":\"center-center\",\"position_sticky_breakpoint\":\"m\"},\"children\":[{\"type\":\"button\",\"props\":{\"block_align\":\"center\",\"button_size\":\"large\",\"fullwidth\":false,\"grid_column_gap\":\"small\",\"grid_row_gap\":\"small\",\"margin\":\"default\",\"maxwidth\":\"xlarge\",\"text_align\":\"center\"},\"children\":[{\"type\":\"button_item\",\"props\":{\"button_style\":\"default\",\"content\":\"Schedule Consultation\",\"content_es_mx\":\"Programar consulta\",\"dialog_layout\":\"modal\",\"dialog_offcanvas_flip\":true,\"icon_align\":\"left\",\"link\":\"contact\\\/#consult\"}}]}]}]}]}],\"version\":\"4.5.32\",\"yooessentialsVersion\":\"2.4.12\"} --><\/p>\n","protected":false},"excerpt":{"rendered":"<p>Immigration Legal Services If there is a way to win your case, be assured we will find it. Our experienced attorneys will prepare a strategy to give you the best chance to remain in the United States and to obtain legal status. Schedule Consultation Family-Based Immigration Our family-based immigration attorneys can help you with petitioning [&hellip;]<\/p>\n","protected":false},"author":1,"featured_media":0,"parent":0,"menu_order":0,"comment_status":"closed","ping_status":"closed","template":"","meta":{"footnotes":""},"class_list":["post-6136","page","type-page","status-publish","hentry"],"_links":{"self":[{"href":"https:\/\/chicagoimmigrationlawyers.net\/es\/wp-json\/wp\/v2\/pages\/6136","targetHints":{"allow":["GET"]}}],"collection":[{"href":"https:\/\/chicagoimmigrationlawyers.net\/es\/wp-json\/wp\/v2\/pages"}],"about":[{"href":"https:\/\/chicagoimmigrationlawyers.net\/es\/wp-json\/wp\/v2\/types\/page"}],"author":[{"embeddable":true,"href":"https:\/\/chicagoimmigrationlawyers.net\/es\/wp-json\/wp\/v2\/users\/1"}],"replies":[{"embeddable":true,"href":"https:\/\/chicagoimmigrationlawyers.net\/es\/wp-json\/wp\/v2\/comments?post=6136"}],"version-history":[{"count":0,"href":"https:\/\/chicagoimmigrationlawyers.net\/es\/wp-json\/wp\/v2\/pages\/6136\/revisions"}],"wp:attachment":[{"href":"https:\/\/chicagoimmigrationlawyers.net\/es\/wp-json\/wp\/v2\/media?parent=6136"}],"curies":[{"name":"wp","href":"https:\/\/api.w.org\/{rel}","templated":true}]}}